{"id":36,"date":"2019-07-15T10:42:15","date_gmt":"2019-07-15T08:42:15","guid":{"rendered":"http:\/\/www.toucheb.com\/index.php\/mesmerize\/"},"modified":"2026-03-30T09:20:13","modified_gmt":"2026-03-30T07:20:13","slug":"mesmerize","status":"publish","type":"page","link":"https:\/\/www.toucheb.com\/","title":{"rendered":"Accueil"},"content":{"rendered":"<div  data-label=\"Missions\" data-id=\"overlappable--1\" data-export-id=\"overlappable-4\" data-category=\"overlappable\" class=\"overlappable-4 content-section content-section-spacing\" data-overlap=\"true\" id=\"missions\" style=\"background-color: rgb(255, 255, 255);\"><div  class=\"gridContainer\"> <div  data-type=\"row\" class=\"row spaced-cols text-center center-sm content-center-sm\"><div  class=\"col-xs-12 col-sm-4 col-padding\"> <i  class=\"fa icon shadow-large-black aligncenter color1 fa-group large\"><\/i> <div  data-type=\"column\" class=\"\"> <h5  class=\"\">CULTIVER LA COOPERATION\n\n<br ><br >D\u00e9velopper la force de son collectif de travail. Clarifier la vision , le projet, les r\u00f4les de chacun\u00b7e. Dialoguer.&nbsp; S\u2019entraider. R\u00e9guler les tensions. Prendre des d\u00e9cisions \u00e0 plusieurs.&nbsp;<\/h5> <a  class=\"button blue\" href=\"https:\/\/www.toucheb.com\/index.php\/conseil-en-organisation\" target=\"_blank\" data-cp-link=\"1\" rel=\"noopener noreferrer\">Accompagnement Collectif<\/a><\/div> <\/div><div  class=\"col-xs-12 col-sm-4 col-padding\"> <i  class=\"fa icon shadow-large-black aligncenter color1 fa-cogs large\"><\/i> <div  data-type=\"column\" class=\"\"> <h5  class=\"\">FORMER VOS EQUIPES\n<br >&nbsp;&nbsp;<br >Faire collectif. D\u00e9velopper l\u2019\u00e9coute et le dialogue. D\u00e9velopper une Gouvernance des Communs. G\u00e9rer &amp; Faciliter un projet. \n<br >Se former \u00e0 la formation !<\/h5> <a  class=\"button blue\" href=\"https:\/\/www.toucheb.com\/index.php\/ameliorer-lefficience-au-travail-tout-en-prenant-soin-de-ses-equipes\" target=\"_self\" data-cp-link=\"1\" rel=\"noopener noreferrer\">Catalogue des formations<\/a><\/div> <\/div>  <div  class=\"col-xs-12 col-sm-4 col-padding\"> <i  class=\"fa icon shadow-large-black aligncenter color1 fa-odnoklassniki large\"><\/i> <div  data-type=\"column\" class=\"\"> <h5  class=\"\">ACCOMPAGNEMENT INDIVIDUEL\n<br ><br >&nbsp;D\u00e9bloquer des situations complexes; Gagner en confiance;&nbsp; Se d\u00e9ployer pleinement.<\/h5> <a  class=\"button blue\" href=\"https:\/\/www.toucheb.com\/index.php\/accompagnement-individuel\" target=\"_self\" data-cp-link=\"1\" rel=\"noopener noreferrer\">Coaching Syst\u00e9mique<\/a><\/div> <\/div><\/div> <\/div><\/div><div  data-label=\"Content\" data-id=\"content--1\" data-export-id=\"content-12\" data-category=\"content\" class=\"content-12 content-section content-section-spacing\" id=\"content-1\" style=\"background-color: rgb(255, 255, 255);\"><div  class=\"\"> <div  class=\"row text-center\"><div  class=\"section-title-col\" data-type=\"column\">  <h2  class=\"\">\u00ab&nbsp;\u00c9panouir nos organisations en mettant l\u2019accent sur l\u2019apprentissage collectif.&nbsp;\u00bb<\/h2><img  decoding=\"async\" class=\"custom-image\" src=\"https:\/\/www.toucheb.com\/wp-content\/uploads\/2024\/06\/cropped-chair-circle-g2e048edae_1280-1.jpg\" title=\"chair-circle-g2e048edae_1280\" alt=\"\"><p  class=\"lead\">Retrouver du sens et de la joie au service d\u2019une oeuvre commune. D\u00e9velopper l\u2019attention \u00e0 l\u2019autre et dans la relation \u2013 D\u00e9ployer l\u2019intelligence collective pour un projet plus grand que soi. \n<br ><br >C\u2019est possible dans tous les secteurs d\u2019activit\u00e9s !<\/p><\/div> <\/div> <div  class=\"row center-xs middle-xs\"> <div  class=\"col-sm-9\" data-type=\"column\"> <\/div> <\/div><\/div> <\/div><div  data-label=\"Actu\" data-id=\"about--2\" data-export-id=\"about-1\" data-category=\"about\" class=\"about-1 content-section\" id=\"actu-1\" style=\"background-color: rgb(255, 255, 255);\"><div  class=\"\"> <div  class=\"row text-center\"><div  class=\"section-title-col\" data-type=\"column\">   <\/div> <\/div> <div  class=\"row\"> <div  class=\"button-holder space-bottom space-bottom-small\" data-type=\"column\"> <\/div> <div  class=\"col-xs bottom-xs flexbox image-group-bottom-3-img space-bottom-xs center-xs\"> <img  decoding=\"async\" class=\"left-img shadow-large-black\" data-size=\"500x300\" src=\"https:\/\/www.toucheb.com\/wp-content\/uploads\/2025\/11\/cropped-cropped-P1179664-1.jpg\" alt=\"\" title=\"cropped-cropped-P1179664-1.jpg\"> <img  decoding=\"async\" class=\"center-img shadow-large-black\" data-size=\"500x300\" src=\"https:\/\/www.toucheb.com\/wp-content\/uploads\/2021\/04\/cropped-cropped-cropped-cropped-team-386673_1920-2.jpg\" alt=\"\" title=\"cropped-cropped-cropped-cropped-team-386673_1920-2.jpg\"> <img  decoding=\"async\" class=\"right-img shadow-large-black\" data-size=\"500x300\" src=\"https:\/\/www.toucheb.com\/wp-content\/uploads\/2026\/03\/cropped-cropped-P1179755.jpg\" alt=\"\" title=\"cropped-cropped-P1179755.jpg\"><\/div> <\/div><\/div> <\/div>","protected":false},"excerpt":{"rendered":"<p>CULTIVER LA COOPERATION D\u00e9velopper la force de son collectif de travail. Clarifier la vision , le projet, les r\u00f4les de chacun\u00b7e. Dialoguer.&nbsp; S\u2019entraider. R\u00e9guler les tensions. Prendre des d\u00e9cisions \u00e0 plusieurs.&nbsp; Accompagnement Collectif FORMER VOS EQUIPES &nbsp;&nbsp;Faire collectif. D\u00e9velopper l\u2019\u00e9coute et le dialogue. D\u00e9velopper une Gouvernance des Communs. G\u00e9rer &amp; Faciliter un projet. Se former&hellip; <br \/> <a class=\"read-more\" href=\"https:\/\/www.toucheb.com\/\">Lire la suite<\/a><\/p>\n","protected":false},"author":1,"featured_media":0,"parent":0,"menu_order":0,"comment_status":"closed","ping_status":"closed","template":"page-templates\/homepage.php","meta":{"footnotes":""},"class_list":["post-36","page","type-page","status-publish","hentry"],"yoast_head":"<!-- This site is optimized with the Yoast SEO plugin v27.4 - https:\/\/yoast.com\/product\/yoast-seo-wordpress\/ -->\n<title>Accueil - Conseil; Facilitation et Formation<\/title>\n<meta name=\"robots\" content=\"index, follow, max-snippet:-1, max-image-preview:large, max-video-preview:-1\" \/>\n<link rel=\"canonical\" href=\"https:\/\/www.toucheb.com\/\" \/>\n<meta property=\"og:locale\" content=\"fr_FR\" \/>\n<meta property=\"og:type\" content=\"article\" \/>\n<meta property=\"og:title\" content=\"Accueil - Conseil; Facilitation et Formation\" \/>\n<meta property=\"og:description\" content=\"CULTIVER LA COOPERATION D\u00e9velopper la force de son collectif de travail. Clarifier la vision , le projet, les r\u00f4les de chacun\u00b7e. Dialoguer.&nbsp; S\u2019entraider. R\u00e9guler les tensions. Prendre des d\u00e9cisions \u00e0 plusieurs.&nbsp; Accompagnement Collectif FORMER VOS EQUIPES &nbsp;&nbsp;Faire collectif. D\u00e9velopper l\u2019\u00e9coute et le dialogue. D\u00e9velopper une Gouvernance des Communs. G\u00e9rer &amp; Faciliter un projet. Se former&hellip; Lire la suite\" \/>\n<meta property=\"og:url\" content=\"https:\/\/www.toucheb.com\/\" \/>\n<meta property=\"og:site_name\" content=\"Conseil; Facilitation et Formation\" \/>\n<meta property=\"article:publisher\" content=\"https:\/\/www.facebook.com\/ToucheB.MarinaBouchet\/\" \/>\n<meta property=\"article:modified_time\" content=\"2026-03-30T07:20:13+00:00\" \/>\n<meta property=\"og:image\" content=\"https:\/\/www.toucheb.com\/wp-content\/uploads\/2024\/06\/cropped-chair-circle-g2e048edae_1280-1.jpg\" \/>\n<meta name=\"twitter:card\" content=\"summary_large_image\" \/>\n<meta name=\"twitter:label1\" content=\"Dur\u00e9e de lecture estim\u00e9e\" \/>\n\t<meta name=\"twitter:data1\" content=\"2 minutes\" \/>\n<script type=\"application\/ld+json\" class=\"yoast-schema-graph\">{\"@context\":\"https:\\\/\\\/schema.org\",\"@graph\":[{\"@type\":\"WebPage\",\"@id\":\"https:\\\/\\\/www.toucheb.com\\\/\",\"url\":\"https:\\\/\\\/www.toucheb.com\\\/\",\"name\":\"Accueil - Conseil; Facilitation et Formation\",\"isPartOf\":{\"@id\":\"https:\\\/\\\/www.toucheb.com\\\/#website\"},\"primaryImageOfPage\":{\"@id\":\"https:\\\/\\\/www.toucheb.com\\\/#primaryimage\"},\"image\":{\"@id\":\"https:\\\/\\\/www.toucheb.com\\\/#primaryimage\"},\"thumbnailUrl\":\"https:\\\/\\\/www.toucheb.com\\\/wp-content\\\/uploads\\\/2024\\\/06\\\/cropped-chair-circle-g2e048edae_1280-1.jpg\",\"datePublished\":\"2019-07-15T08:42:15+00:00\",\"dateModified\":\"2026-03-30T07:20:13+00:00\",\"breadcrumb\":{\"@id\":\"https:\\\/\\\/www.toucheb.com\\\/#breadcrumb\"},\"inLanguage\":\"fr-FR\",\"potentialAction\":[{\"@type\":\"ReadAction\",\"target\":[\"https:\\\/\\\/www.toucheb.com\\\/\"]}]},{\"@type\":\"ImageObject\",\"inLanguage\":\"fr-FR\",\"@id\":\"https:\\\/\\\/www.toucheb.com\\\/#primaryimage\",\"url\":\"https:\\\/\\\/www.toucheb.com\\\/wp-content\\\/uploads\\\/2024\\\/06\\\/cropped-chair-circle-g2e048edae_1280-1.jpg\",\"contentUrl\":\"https:\\\/\\\/www.toucheb.com\\\/wp-content\\\/uploads\\\/2024\\\/06\\\/cropped-chair-circle-g2e048edae_1280-1.jpg\",\"width\":1279,\"height\":789},{\"@type\":\"BreadcrumbList\",\"@id\":\"https:\\\/\\\/www.toucheb.com\\\/#breadcrumb\",\"itemListElement\":[{\"@type\":\"ListItem\",\"position\":1,\"name\":\"Accueil\",\"item\":\"https:\\\/\\\/www.toucheb.com\\\/\"},{\"@type\":\"ListItem\",\"position\":2,\"name\":\"Accueil\"}]},{\"@type\":\"WebSite\",\"@id\":\"https:\\\/\\\/www.toucheb.com\\\/#website\",\"url\":\"https:\\\/\\\/www.toucheb.com\\\/\",\"name\":\"Organisme de formation et Conseil en Organisation\",\"description\":\"Prenez le temps de d\u00e9velopper vos talents\",\"publisher\":{\"@id\":\"https:\\\/\\\/www.toucheb.com\\\/#organization\"},\"potentialAction\":[{\"@type\":\"SearchAction\",\"target\":{\"@type\":\"EntryPoint\",\"urlTemplate\":\"https:\\\/\\\/www.toucheb.com\\\/?s={search_term_string}\"},\"query-input\":{\"@type\":\"PropertyValueSpecification\",\"valueRequired\":true,\"valueName\":\"search_term_string\"}}],\"inLanguage\":\"fr-FR\"},{\"@type\":\"Organization\",\"@id\":\"https:\\\/\\\/www.toucheb.com\\\/#organization\",\"name\":\"TOUCHE B Consulting\",\"url\":\"https:\\\/\\\/www.toucheb.com\\\/\",\"logo\":{\"@type\":\"ImageObject\",\"inLanguage\":\"fr-FR\",\"@id\":\"https:\\\/\\\/www.toucheb.com\\\/#\\\/schema\\\/logo\\\/image\\\/\",\"url\":\"https:\\\/\\\/www.toucheb.com\\\/wp-content\\\/uploads\\\/2019\\\/07\\\/cropped-Logo_touche-B_RVB-3.jpg\",\"contentUrl\":\"https:\\\/\\\/www.toucheb.com\\\/wp-content\\\/uploads\\\/2019\\\/07\\\/cropped-Logo_touche-B_RVB-3.jpg\",\"width\":604,\"height\":202,\"caption\":\"TOUCHE B Consulting\"},\"image\":{\"@id\":\"https:\\\/\\\/www.toucheb.com\\\/#\\\/schema\\\/logo\\\/image\\\/\"},\"sameAs\":[\"https:\\\/\\\/www.facebook.com\\\/ToucheB.MarinaBouchet\\\/\"]}]}<\/script>\n<!-- \/ Yoast SEO plugin. -->","yoast_head_json":{"title":"Accueil - Conseil; Facilitation et Formation","robots":{"index":"index","follow":"follow","max-snippet":"max-snippet:-1","max-image-preview":"max-image-preview:large","max-video-preview":"max-video-preview:-1"},"canonical":"https:\/\/www.toucheb.com\/","og_locale":"fr_FR","og_type":"article","og_title":"Accueil - Conseil; Facilitation et Formation","og_description":"CULTIVER LA COOPERATION D\u00e9velopper la force de son collectif de travail. Clarifier la vision , le projet, les r\u00f4les de chacun\u00b7e. Dialoguer.&nbsp; S\u2019entraider. R\u00e9guler les tensions. Prendre des d\u00e9cisions \u00e0 plusieurs.&nbsp; Accompagnement Collectif FORMER VOS EQUIPES &nbsp;&nbsp;Faire collectif. D\u00e9velopper l\u2019\u00e9coute et le dialogue. D\u00e9velopper une Gouvernance des Communs. G\u00e9rer &amp; Faciliter un projet. Se former&hellip; Lire la suite","og_url":"https:\/\/www.toucheb.com\/","og_site_name":"Conseil; Facilitation et Formation","article_publisher":"https:\/\/www.facebook.com\/ToucheB.MarinaBouchet\/","article_modified_time":"2026-03-30T07:20:13+00:00","og_image":[{"url":"https:\/\/www.toucheb.com\/wp-content\/uploads\/2024\/06\/cropped-chair-circle-g2e048edae_1280-1.jpg","type":"","width":"","height":""}],"twitter_card":"summary_large_image","twitter_misc":{"Dur\u00e9e de lecture estim\u00e9e":"2 minutes"},"schema":{"@context":"https:\/\/schema.org","@graph":[{"@type":"WebPage","@id":"https:\/\/www.toucheb.com\/","url":"https:\/\/www.toucheb.com\/","name":"Accueil - Conseil; Facilitation et Formation","isPartOf":{"@id":"https:\/\/www.toucheb.com\/#website"},"primaryImageOfPage":{"@id":"https:\/\/www.toucheb.com\/#primaryimage"},"image":{"@id":"https:\/\/www.toucheb.com\/#primaryimage"},"thumbnailUrl":"https:\/\/www.toucheb.com\/wp-content\/uploads\/2024\/06\/cropped-chair-circle-g2e048edae_1280-1.jpg","datePublished":"2019-07-15T08:42:15+00:00","dateModified":"2026-03-30T07:20:13+00:00","breadcrumb":{"@id":"https:\/\/www.toucheb.com\/#breadcrumb"},"inLanguage":"fr-FR","potentialAction":[{"@type":"ReadAction","target":["https:\/\/www.toucheb.com\/"]}]},{"@type":"ImageObject","inLanguage":"fr-FR","@id":"https:\/\/www.toucheb.com\/#primaryimage","url":"https:\/\/www.toucheb.com\/wp-content\/uploads\/2024\/06\/cropped-chair-circle-g2e048edae_1280-1.jpg","contentUrl":"https:\/\/www.toucheb.com\/wp-content\/uploads\/2024\/06\/cropped-chair-circle-g2e048edae_1280-1.jpg","width":1279,"height":789},{"@type":"BreadcrumbList","@id":"https:\/\/www.toucheb.com\/#breadcrumb","itemListElement":[{"@type":"ListItem","position":1,"name":"Accueil","item":"https:\/\/www.toucheb.com\/"},{"@type":"ListItem","position":2,"name":"Accueil"}]},{"@type":"WebSite","@id":"https:\/\/www.toucheb.com\/#website","url":"https:\/\/www.toucheb.com\/","name":"Organisme de formation et Conseil en Organisation","description":"Prenez le temps de d\u00e9velopper vos talents","publisher":{"@id":"https:\/\/www.toucheb.com\/#organization"},"potentialAction":[{"@type":"SearchAction","target":{"@type":"EntryPoint","urlTemplate":"https:\/\/www.toucheb.com\/?s={search_term_string}"},"query-input":{"@type":"PropertyValueSpecification","valueRequired":true,"valueName":"search_term_string"}}],"inLanguage":"fr-FR"},{"@type":"Organization","@id":"https:\/\/www.toucheb.com\/#organization","name":"TOUCHE B Consulting","url":"https:\/\/www.toucheb.com\/","logo":{"@type":"ImageObject","inLanguage":"fr-FR","@id":"https:\/\/www.toucheb.com\/#\/schema\/logo\/image\/","url":"https:\/\/www.toucheb.com\/wp-content\/uploads\/2019\/07\/cropped-Logo_touche-B_RVB-3.jpg","contentUrl":"https:\/\/www.toucheb.com\/wp-content\/uploads\/2019\/07\/cropped-Logo_touche-B_RVB-3.jpg","width":604,"height":202,"caption":"TOUCHE B Consulting"},"image":{"@id":"https:\/\/www.toucheb.com\/#\/schema\/logo\/image\/"},"sameAs":["https:\/\/www.facebook.com\/ToucheB.MarinaBouchet\/"]}]}},"_links":{"self":[{"href":"https:\/\/www.toucheb.com\/index.php\/wp-json\/wp\/v2\/pages\/36","targetHints":{"allow":["GET"]}}],"collection":[{"href":"https:\/\/www.toucheb.com\/index.php\/wp-json\/wp\/v2\/pages"}],"about":[{"href":"https:\/\/www.toucheb.com\/index.php\/wp-json\/wp\/v2\/types\/page"}],"author":[{"embeddable":true,"href":"https:\/\/www.toucheb.com\/index.php\/wp-json\/wp\/v2\/users\/1"}],"replies":[{"embeddable":true,"href":"https:\/\/www.toucheb.com\/index.php\/wp-json\/wp\/v2\/comments?post=36"}],"version-history":[{"count":190,"href":"https:\/\/www.toucheb.com\/index.php\/wp-json\/wp\/v2\/pages\/36\/revisions"}],"predecessor-version":[{"id":1893,"href":"https:\/\/www.toucheb.com\/index.php\/wp-json\/wp\/v2\/pages\/36\/revisions\/1893"}],"wp:attachment":[{"href":"https:\/\/www.toucheb.com\/index.php\/wp-json\/wp\/v2\/media?parent=36"}],"curies":[{"name":"wp","href":"https:\/\/api.w.org\/{rel}","templated":true}]}}