{"id":836,"date":"2021-08-20T11:49:05","date_gmt":"2021-08-20T09:49:05","guid":{"rendered":"https:\/\/www.toucheb.com\/?page_id=836"},"modified":"2026-03-09T16:42:54","modified_gmt":"2026-03-09T15:42:54","slug":"conseil-en-organisation","status":"publish","type":"page","link":"https:\/\/www.toucheb.com\/index.php\/conseil-en-organisation\/","title":{"rendered":"D\u00c9VELOPPER LA FORCE DE SON COLLECTIF DE TRAVAIL."},"content":{"rendered":"\n<div class=\"wp-block-group\"><div class=\"wp-block-group__inner-container is-layout-flow wp-block-group-is-layout-flow\">\n<p class=\"has-black-color has-text-color has-link-color has-medium-font-size wp-elements-d2d0ad8dc564792196aceb7392efa335\"><strong>RENFORCER LA COH\u00c9SION D\u2019\u00c9QUIPE. CULTIVER LA COOP\u00c9RATION.<\/strong><\/p>\n\n\n\n<p class=\"has-medium-font-size\"><strong>touche b accompagne des collectifs de travail qui souhaitent mieux fonctionner ensemble de mani\u00e8re plus coop\u00e9rative, avec plus d&rsquo;efficience et en prenant soin des dynamiques relationnelles. <\/strong><\/p>\n\n\n\n<p><\/p>\n\n\n\n<p class=\"has-black-color has-luminous-vivid-amber-background-color has-text-color has-background has-link-color has-medium-font-size wp-elements-88d39ec11ebcd52a8100ab3d5ae9f9c4\">Chaque accompagnement est r\u00e9alis\u00e9 en associant pleinement l\u2019\u00e9quipe concern\u00e9e par le travail qu\u2019elle s\u2019est donn\u00e9e de r\u00e9aliser. Il peut s\u2019agir de formaliser le <strong>Projet<\/strong> de l\u2019organisation&nbsp;avec une <strong>Vision Claire et Partag\u00e9e<\/strong>&nbsp;; de co construire un <strong>Projet Strat\u00e9gique<\/strong> avec sa feuille de route ; de s\u2019engager dans une <strong>Gouvernance <\/strong>explorant diff\u00e9rents modes de prise de d\u00e9cision plus fluides et concert\u00e9s. <\/p>\n\n\n\n<p class=\"has-black-color has-luminous-vivid-amber-background-color has-text-color has-background has-link-color has-medium-font-size wp-elements-fb9df3fa3e3a5afede2146e910a2110a\">Il peut s&rsquo;agir \u00e9galement de d\u00e9velopper un<strong> Temps fort Collectif<\/strong>  (ex : s\u00e9minaire de travail, AG,&#8230;.) pour questionner, embarquer et engager toutes les parties prenantes de son organisation. &nbsp;<\/p>\n\n\n\n<p class=\"has-black-color has-luminous-vivid-amber-background-color has-text-color has-background has-link-color has-medium-font-size wp-elements-633348380cbdd16a81f7d8a6a8944332\">Les s\u00e9ances de travail sont men\u00e9es avec des outils et m\u00e9thode de <strong>l\u2019Intelligence Collective<\/strong> et visent \u00e0 <strong>d\u00e9velopper les talents de l\u2019\u00e9quipe<\/strong> pour qu\u2019elle puisse par la suite d\u00e9ployer l\u2019intelligence collective au quotidien.<\/p>\n<\/div><\/div>\n\n\n\n<p><\/p>\n\n\n\n<h2 class=\"wp-block-heading has-black-color has-text-color has-medium-font-size\"><strong>\u00c9panouir nos organisations  en mettant l\u2019accent sur l\u2019apprentissage collectif. <\/strong><\/h2>\n\n\n\n<p class=\"has-black-color has-text-color has-medium-font-size\">Nous apportons un espace et des techniques qui permettent \u00e0 chacun\u00b7e de trouver sa place et au collectif de mieux dialoguer pour faire \u00e9merger des id\u00e9es nouvelles, structurantes et engageantes. Nous r\u00e9alisons \u00e9galement des accompagnements individuels et de la formation.<\/p>\n\n\n\n<p class=\"has-black-color has-text-color has-medium-font-size\"><\/p>\n\n\n\n<p class=\"has-black-color has-cyan-bluish-gray-background-color has-text-color has-background has-medium-font-size\">Exemples de sujets d&rsquo;accompagnement :<\/p>\n\n\n\n<ul class=\"wp-block-list has-black-color has-text-color has-medium-font-size\">\n<li><span class=\"has-inline-color has-very-dark-gray-color\">Le projet,  la vision commune<\/span><\/li>\n\n\n\n<li>La strat\u00e9gie et le plan d&rsquo;action <\/li>\n\n\n\n<li>La gouvernance<\/li>\n\n\n\n<li><span class=\"has-inline-color has-very-dark-gray-color\">Les <span class=\"has-inline-color has-very-dark-gray-color\">transitions<\/span>, l&rsquo;accompagnement du changement  <\/span>(nouveaux enjeux,&#8230;.)<\/li>\n\n\n\n<li>La r\u00e9gulation de tensions<\/li>\n\n\n\n<li>La coh\u00e9sion d&rsquo;\u00e9quipe (proposition en salle ou en exp\u00e9rience Rando*)<\/li>\n\n\n\n<li>Renforcer l&rsquo;interconnaissance (proposition en salle ou en exp\u00e9rience Rando*)<\/li>\n\n\n\n<li>Fonctionnement d&rsquo;un projet (proposition en salle ou en exp\u00e9rience Rando*)<\/li>\n<\/ul>\n\n\n\n<div class=\"wp-block-group\"><div class=\"wp-block-group__inner-container is-layout-flow wp-block-group-is-layout-flow\">\n<p class=\"has-black-color has-text-color has-link-color wp-elements-a02e4a085f1d9cb3dbb5c73b050ef333\"><em>* L&rsquo;exp\u00e9rience Rando est actuellement propos\u00e9e sur le territoire du Finist\u00e8re. En balade de 2h \u00e0 1 journ\u00e9e ou en Rando itin\u00e9rante sur plusieurs jours (2, 3 ou 4 jours)  avec un repas le soir et la nuit en gite d&rsquo;\u00e9tape. Secteur propos\u00e9 : Monts d&rsquo;Arr\u00e9e (25 mn en voiture de Morlaix, 1h de Brest, 2h20 de Rennes, 5h30 de Paris)<\/em>. <em>Cette exp\u00e9rience est id\u00e9ale d&rsquo;avril \u00e0 fin septembre.<\/em><\/p>\n\n\n\n<figure class=\"wp-block-image size-large\"><img loading=\"lazy\" decoding=\"async\" width=\"1024\" height=\"683\" src=\"https:\/\/www.toucheb.com\/wp-content\/uploads\/2025\/11\/P11796441-1024x683.jpg\" alt=\"\" class=\"wp-image-1680\" srcset=\"https:\/\/www.toucheb.com\/wp-content\/uploads\/2025\/11\/P11796441-1024x683.jpg 1024w, https:\/\/www.toucheb.com\/wp-content\/uploads\/2025\/11\/P11796441-300x200.jpg 300w, https:\/\/www.toucheb.com\/wp-content\/uploads\/2025\/11\/P11796441-768x512.jpg 768w, https:\/\/www.toucheb.com\/wp-content\/uploads\/2025\/11\/P11796441-1536x1024.jpg 1536w, https:\/\/www.toucheb.com\/wp-content\/uploads\/2025\/11\/P11796441-2048x1365.jpg 2048w, https:\/\/www.toucheb.com\/wp-content\/uploads\/2025\/11\/P11796441-1620x1080.jpg 1620w\" sizes=\"auto, (max-width: 1024px) 100vw, 1024px\" \/><\/figure>\n\n\n\n<p class=\"has-black-color has-cyan-bluish-gray-background-color has-text-color has-background has-medium-font-size\"><strong>Plus d&rsquo;info : contact@toucheb.com \/ T\u00e9l : 06 08 24 48 86<\/strong><\/p>\n\n\n\n<p><\/p>\n\n\n\n<p><\/p>\n<\/div><\/div>\n\n\n\n<p><\/p>\n","protected":false},"excerpt":{"rendered":"<p>RENFORCER LA COH\u00c9SION D\u2019\u00c9QUIPE. CULTIVER LA COOP\u00c9RATION. touche b accompagne des collectifs de travail qui souhaitent mieux fonctionner ensemble de mani\u00e8re plus coop\u00e9rative, avec plus d&rsquo;efficience et en prenant soin des dynamiques relationnelles. Chaque accompagnement est r\u00e9alis\u00e9 en associant pleinement l\u2019\u00e9quipe concern\u00e9e par le travail qu\u2019elle s\u2019est donn\u00e9e de r\u00e9aliser. Il peut s\u2019agir de formaliser&hellip; <br \/> <a class=\"read-more\" href=\"https:\/\/www.toucheb.com\/index.php\/conseil-en-organisation\/\">Lire la suite<\/a><\/p>\n","protected":false},"author":1,"featured_media":0,"parent":0,"menu_order":0,"comment_status":"closed","ping_status":"closed","template":"","meta":{"footnotes":""},"class_list":["post-836","page","type-page","status-publish","hentry"],"yoast_head":"<!-- This site is optimized with the Yoast SEO plugin v27.4 - https:\/\/yoast.com\/product\/yoast-seo-wordpress\/ -->\n<title>D\u00c9VELOPPER LA FORCE DE SON COLLECTIF DE TRAVAIL. - Conseil; Facilitation et Formation<\/title>\n<meta name=\"description\" content=\"Transformer en profondeur les organisations et les adapter \u00e0 la complexit\u00e9 de notre monde en mouvement. Piloter nos organisations avec agilit\u00e9 en mettant l\u2019accent sur l\u2019apprentissage collectif. Encourager l\u2019\u00e9mergence et la floraison de l\u2019intelligence collective !\" \/>\n<meta name=\"robots\" content=\"index, follow, max-snippet:-1, max-image-preview:large, max-video-preview:-1\" \/>\n<link rel=\"canonical\" href=\"https:\/\/www.toucheb.com\/index.php\/conseil-en-organisation\/\" \/>\n<meta property=\"og:locale\" content=\"fr_FR\" \/>\n<meta property=\"og:type\" content=\"article\" \/>\n<meta property=\"og:title\" content=\"D\u00c9VELOPPER LA FORCE DE SON COLLECTIF DE TRAVAIL. - Conseil; Facilitation et Formation\" \/>\n<meta property=\"og:description\" content=\"Transformer en profondeur les organisations et les adapter \u00e0 la complexit\u00e9 de notre monde en mouvement. Piloter nos organisations avec agilit\u00e9 en mettant l\u2019accent sur l\u2019apprentissage collectif. Encourager l\u2019\u00e9mergence et la floraison de l\u2019intelligence collective !\" \/>\n<meta property=\"og:url\" content=\"https:\/\/www.toucheb.com\/index.php\/conseil-en-organisation\/\" \/>\n<meta property=\"og:site_name\" content=\"Conseil; Facilitation et Formation\" \/>\n<meta property=\"article:publisher\" content=\"https:\/\/www.facebook.com\/ToucheB.MarinaBouchet\/\" \/>\n<meta property=\"article:modified_time\" content=\"2026-03-09T15:42:54+00:00\" \/>\n<meta property=\"og:image\" content=\"https:\/\/www.toucheb.com\/wp-content\/uploads\/2025\/11\/P11796441.jpg\" \/>\n\t<meta property=\"og:image:width\" content=\"2304\" \/>\n\t<meta property=\"og:image:height\" content=\"1536\" \/>\n\t<meta property=\"og:image:type\" content=\"image\/jpeg\" \/>\n<meta name=\"twitter:card\" content=\"summary_large_image\" \/>\n<meta name=\"twitter:label1\" content=\"Dur\u00e9e de lecture estim\u00e9e\" \/>\n\t<meta name=\"twitter:data1\" content=\"2 minutes\" \/>\n<script type=\"application\/ld+json\" class=\"yoast-schema-graph\">{\"@context\":\"https:\\\/\\\/schema.org\",\"@graph\":[{\"@type\":\"WebPage\",\"@id\":\"https:\\\/\\\/www.toucheb.com\\\/index.php\\\/conseil-en-organisation\\\/\",\"url\":\"https:\\\/\\\/www.toucheb.com\\\/index.php\\\/conseil-en-organisation\\\/\",\"name\":\"D\u00c9VELOPPER LA FORCE DE SON COLLECTIF DE TRAVAIL. - Conseil; Facilitation et Formation\",\"isPartOf\":{\"@id\":\"https:\\\/\\\/www.toucheb.com\\\/#website\"},\"primaryImageOfPage\":{\"@id\":\"https:\\\/\\\/www.toucheb.com\\\/index.php\\\/conseil-en-organisation\\\/#primaryimage\"},\"image\":{\"@id\":\"https:\\\/\\\/www.toucheb.com\\\/index.php\\\/conseil-en-organisation\\\/#primaryimage\"},\"thumbnailUrl\":\"https:\\\/\\\/www.toucheb.com\\\/wp-content\\\/uploads\\\/2025\\\/11\\\/P11796441-1024x683.jpg\",\"datePublished\":\"2021-08-20T09:49:05+00:00\",\"dateModified\":\"2026-03-09T15:42:54+00:00\",\"description\":\"Transformer en profondeur les organisations et les adapter \u00e0 la complexit\u00e9 de notre monde en mouvement. Piloter nos organisations avec agilit\u00e9 en mettant l\u2019accent sur l\u2019apprentissage collectif. Encourager l\u2019\u00e9mergence et la floraison de l\u2019intelligence collective !\",\"breadcrumb\":{\"@id\":\"https:\\\/\\\/www.toucheb.com\\\/index.php\\\/conseil-en-organisation\\\/#breadcrumb\"},\"inLanguage\":\"fr-FR\",\"potentialAction\":[{\"@type\":\"ReadAction\",\"target\":[\"https:\\\/\\\/www.toucheb.com\\\/index.php\\\/conseil-en-organisation\\\/\"]}]},{\"@type\":\"ImageObject\",\"inLanguage\":\"fr-FR\",\"@id\":\"https:\\\/\\\/www.toucheb.com\\\/index.php\\\/conseil-en-organisation\\\/#primaryimage\",\"url\":\"https:\\\/\\\/www.toucheb.com\\\/wp-content\\\/uploads\\\/2025\\\/11\\\/P11796441.jpg\",\"contentUrl\":\"https:\\\/\\\/www.toucheb.com\\\/wp-content\\\/uploads\\\/2025\\\/11\\\/P11796441.jpg\",\"width\":2304,\"height\":1536},{\"@type\":\"BreadcrumbList\",\"@id\":\"https:\\\/\\\/www.toucheb.com\\\/index.php\\\/conseil-en-organisation\\\/#breadcrumb\",\"itemListElement\":[{\"@type\":\"ListItem\",\"position\":1,\"name\":\"Accueil\",\"item\":\"https:\\\/\\\/www.toucheb.com\\\/\"},{\"@type\":\"ListItem\",\"position\":2,\"name\":\"D\u00c9VELOPPER LA FORCE DE SON COLLECTIF DE TRAVAIL.\"}]},{\"@type\":\"WebSite\",\"@id\":\"https:\\\/\\\/www.toucheb.com\\\/#website\",\"url\":\"https:\\\/\\\/www.toucheb.com\\\/\",\"name\":\"Organisme de formation et Conseil en Organisation\",\"description\":\"Prenez le temps de d\u00e9velopper vos talents\",\"publisher\":{\"@id\":\"https:\\\/\\\/www.toucheb.com\\\/#organization\"},\"potentialAction\":[{\"@type\":\"SearchAction\",\"target\":{\"@type\":\"EntryPoint\",\"urlTemplate\":\"https:\\\/\\\/www.toucheb.com\\\/?s={search_term_string}\"},\"query-input\":{\"@type\":\"PropertyValueSpecification\",\"valueRequired\":true,\"valueName\":\"search_term_string\"}}],\"inLanguage\":\"fr-FR\"},{\"@type\":\"Organization\",\"@id\":\"https:\\\/\\\/www.toucheb.com\\\/#organization\",\"name\":\"TOUCHE B Consulting\",\"url\":\"https:\\\/\\\/www.toucheb.com\\\/\",\"logo\":{\"@type\":\"ImageObject\",\"inLanguage\":\"fr-FR\",\"@id\":\"https:\\\/\\\/www.toucheb.com\\\/#\\\/schema\\\/logo\\\/image\\\/\",\"url\":\"https:\\\/\\\/www.toucheb.com\\\/wp-content\\\/uploads\\\/2019\\\/07\\\/cropped-Logo_touche-B_RVB-3.jpg\",\"contentUrl\":\"https:\\\/\\\/www.toucheb.com\\\/wp-content\\\/uploads\\\/2019\\\/07\\\/cropped-Logo_touche-B_RVB-3.jpg\",\"width\":604,\"height\":202,\"caption\":\"TOUCHE B Consulting\"},\"image\":{\"@id\":\"https:\\\/\\\/www.toucheb.com\\\/#\\\/schema\\\/logo\\\/image\\\/\"},\"sameAs\":[\"https:\\\/\\\/www.facebook.com\\\/ToucheB.MarinaBouchet\\\/\"]}]}<\/script>\n<!-- \/ Yoast SEO plugin. -->","yoast_head_json":{"title":"D\u00c9VELOPPER LA FORCE DE SON COLLECTIF DE TRAVAIL. - Conseil; Facilitation et Formation","description":"Transformer en profondeur les organisations et les adapter \u00e0 la complexit\u00e9 de notre monde en mouvement. Piloter nos organisations avec agilit\u00e9 en mettant l\u2019accent sur l\u2019apprentissage collectif. Encourager l\u2019\u00e9mergence et la floraison de l\u2019intelligence collective !","robots":{"index":"index","follow":"follow","max-snippet":"max-snippet:-1","max-image-preview":"max-image-preview:large","max-video-preview":"max-video-preview:-1"},"canonical":"https:\/\/www.toucheb.com\/index.php\/conseil-en-organisation\/","og_locale":"fr_FR","og_type":"article","og_title":"D\u00c9VELOPPER LA FORCE DE SON COLLECTIF DE TRAVAIL. - Conseil; Facilitation et Formation","og_description":"Transformer en profondeur les organisations et les adapter \u00e0 la complexit\u00e9 de notre monde en mouvement. Piloter nos organisations avec agilit\u00e9 en mettant l\u2019accent sur l\u2019apprentissage collectif. Encourager l\u2019\u00e9mergence et la floraison de l\u2019intelligence collective !","og_url":"https:\/\/www.toucheb.com\/index.php\/conseil-en-organisation\/","og_site_name":"Conseil; Facilitation et Formation","article_publisher":"https:\/\/www.facebook.com\/ToucheB.MarinaBouchet\/","article_modified_time":"2026-03-09T15:42:54+00:00","og_image":[{"width":2304,"height":1536,"url":"https:\/\/www.toucheb.com\/wp-content\/uploads\/2025\/11\/P11796441.jpg","type":"image\/jpeg"}],"twitter_card":"summary_large_image","twitter_misc":{"Dur\u00e9e de lecture estim\u00e9e":"2 minutes"},"schema":{"@context":"https:\/\/schema.org","@graph":[{"@type":"WebPage","@id":"https:\/\/www.toucheb.com\/index.php\/conseil-en-organisation\/","url":"https:\/\/www.toucheb.com\/index.php\/conseil-en-organisation\/","name":"D\u00c9VELOPPER LA FORCE DE SON COLLECTIF DE TRAVAIL. - Conseil; Facilitation et Formation","isPartOf":{"@id":"https:\/\/www.toucheb.com\/#website"},"primaryImageOfPage":{"@id":"https:\/\/www.toucheb.com\/index.php\/conseil-en-organisation\/#primaryimage"},"image":{"@id":"https:\/\/www.toucheb.com\/index.php\/conseil-en-organisation\/#primaryimage"},"thumbnailUrl":"https:\/\/www.toucheb.com\/wp-content\/uploads\/2025\/11\/P11796441-1024x683.jpg","datePublished":"2021-08-20T09:49:05+00:00","dateModified":"2026-03-09T15:42:54+00:00","description":"Transformer en profondeur les organisations et les adapter \u00e0 la complexit\u00e9 de notre monde en mouvement. Piloter nos organisations avec agilit\u00e9 en mettant l\u2019accent sur l\u2019apprentissage collectif. Encourager l\u2019\u00e9mergence et la floraison de l\u2019intelligence collective !","breadcrumb":{"@id":"https:\/\/www.toucheb.com\/index.php\/conseil-en-organisation\/#breadcrumb"},"inLanguage":"fr-FR","potentialAction":[{"@type":"ReadAction","target":["https:\/\/www.toucheb.com\/index.php\/conseil-en-organisation\/"]}]},{"@type":"ImageObject","inLanguage":"fr-FR","@id":"https:\/\/www.toucheb.com\/index.php\/conseil-en-organisation\/#primaryimage","url":"https:\/\/www.toucheb.com\/wp-content\/uploads\/2025\/11\/P11796441.jpg","contentUrl":"https:\/\/www.toucheb.com\/wp-content\/uploads\/2025\/11\/P11796441.jpg","width":2304,"height":1536},{"@type":"BreadcrumbList","@id":"https:\/\/www.toucheb.com\/index.php\/conseil-en-organisation\/#breadcrumb","itemListElement":[{"@type":"ListItem","position":1,"name":"Accueil","item":"https:\/\/www.toucheb.com\/"},{"@type":"ListItem","position":2,"name":"D\u00c9VELOPPER LA FORCE DE SON COLLECTIF DE TRAVAIL."}]},{"@type":"WebSite","@id":"https:\/\/www.toucheb.com\/#website","url":"https:\/\/www.toucheb.com\/","name":"Organisme de formation et Conseil en Organisation","description":"Prenez le temps de d\u00e9velopper vos talents","publisher":{"@id":"https:\/\/www.toucheb.com\/#organization"},"potentialAction":[{"@type":"SearchAction","target":{"@type":"EntryPoint","urlTemplate":"https:\/\/www.toucheb.com\/?s={search_term_string}"},"query-input":{"@type":"PropertyValueSpecification","valueRequired":true,"valueName":"search_term_string"}}],"inLanguage":"fr-FR"},{"@type":"Organization","@id":"https:\/\/www.toucheb.com\/#organization","name":"TOUCHE B Consulting","url":"https:\/\/www.toucheb.com\/","logo":{"@type":"ImageObject","inLanguage":"fr-FR","@id":"https:\/\/www.toucheb.com\/#\/schema\/logo\/image\/","url":"https:\/\/www.toucheb.com\/wp-content\/uploads\/2019\/07\/cropped-Logo_touche-B_RVB-3.jpg","contentUrl":"https:\/\/www.toucheb.com\/wp-content\/uploads\/2019\/07\/cropped-Logo_touche-B_RVB-3.jpg","width":604,"height":202,"caption":"TOUCHE B Consulting"},"image":{"@id":"https:\/\/www.toucheb.com\/#\/schema\/logo\/image\/"},"sameAs":["https:\/\/www.facebook.com\/ToucheB.MarinaBouchet\/"]}]}},"_links":{"self":[{"href":"https:\/\/www.toucheb.com\/index.php\/wp-json\/wp\/v2\/pages\/836","targetHints":{"allow":["GET"]}}],"collection":[{"href":"https:\/\/www.toucheb.com\/index.php\/wp-json\/wp\/v2\/pages"}],"about":[{"href":"https:\/\/www.toucheb.com\/index.php\/wp-json\/wp\/v2\/types\/page"}],"author":[{"embeddable":true,"href":"https:\/\/www.toucheb.com\/index.php\/wp-json\/wp\/v2\/users\/1"}],"replies":[{"embeddable":true,"href":"https:\/\/www.toucheb.com\/index.php\/wp-json\/wp\/v2\/comments?post=836"}],"version-history":[{"count":57,"href":"https:\/\/www.toucheb.com\/index.php\/wp-json\/wp\/v2\/pages\/836\/revisions"}],"predecessor-version":[{"id":1880,"href":"https:\/\/www.toucheb.com\/index.php\/wp-json\/wp\/v2\/pages\/836\/revisions\/1880"}],"wp:attachment":[{"href":"https:\/\/www.toucheb.com\/index.php\/wp-json\/wp\/v2\/media?parent=836"}],"curies":[{"name":"wp","href":"https:\/\/api.w.org\/{rel}","templated":true}]}}